{"id":31,"date":"2022-06-13T19:48:37","date_gmt":"2022-06-13T22:48:37","guid":{"rendered":"https:\/\/sgirj.com.br\/gnv\/?page_id=31"},"modified":"2022-07-05T14:44:49","modified_gmt":"2022-07-05T17:44:49","slug":"onde-estamos","status":"publish","type":"page","link":"https:\/\/sgirj.com.br\/gnv\/onde-estamos\/","title":{"rendered":"Onde Estamos"},"content":{"rendered":"<div class=\"sec_content_main_title\" style=\"text-align:;\">Nossa sede<\/div>\nRua Expedicion\u00e1rio Raul Marques Marinho 39, Almerinda, S\u00e3o Gon\u00e7alo, RJ<br \/>\n24742-030<\/p>\n<hr \/>\n<p><iframe loading=\"lazy\" style=\"border: 0;\" src=\"https:\/\/www.google.com\/maps\/embed?pb=!1m18!1m12!1m3!1d3677.031796787652!2d-43.01116408503563!3d-22.83831308504671!2m3!1f0!2f0!3f0!3m2!1i1024!2i768!4f13.1!3m3!1m2!1s0x99906ff9d4d377%3A0x1422c2cf77eb760e!2sR.%20Expedicion%C3%A1rio%20Raul%20Marques%20Marinho%2C%2039%20-%20Almerinda%2C%20S%C3%A3o%20Gon%C3%A7alo%20-%20RJ%2C%2024742-030!5e0!3m2!1spt-BR!2sbr!4v1655160492834!5m2!1spt-BR!2sbr\" width=\"600\" height=\"450\" allowfullscreen=\"allowfullscreen\"><\/iframe><\/p>\n<div class=\"su-image-carousel  su-image-carousel-columns-3 su-image-carousel-has-spacing su-image-carousel-crop su-image-carousel-crop-5-4 su-image-carousel-has-lightbox su-image-carousel-has-outline su-image-carousel-adaptive su-image-carousel-slides-style-default su-image-carousel-controls-style-dark su-image-carousel-align-left\" style=\"\" data-flickity-options='{\"groupCells\":true,\"cellSelector\":\".su-image-carousel-item\",\"adaptiveHeight\":false,\"cellAlign\":\"left\",\"prevNextButtons\":true,\"pageDots\":true,\"autoPlay\":4000,\"imagesLoaded\":true,\"contain\":true,\"selectedAttraction\":0.025000000000000001387778780781445675529539585113525390625,\"friction\":0.2800000000000000266453525910037569701671600341796875}' id=\"su_image_carousel_6a070308ed56a\"><div class=\"su-image-carousel-item\"><div class=\"su-image-carousel-item-content\"><a href=\"https:\/\/sgirj.com.br\/gnv\/wp-content\/uploads\/2022\/07\/sg1-rj-01.jpg\" target=\"_blank\" rel=\"noopener noreferrer\" data-caption=\"\"><img loading=\"lazy\" decoding=\"async\" width=\"1024\" height=\"576\" src=\"https:\/\/sgirj.com.br\/gnv\/wp-content\/uploads\/2022\/07\/sg1-rj-01.jpg\" class=\"\" alt=\"Inspe\u00e7\u00e3o veicular em S\u00e3o Gon\u00e7alo - SGI RJ\" srcset=\"https:\/\/sgirj.com.br\/gnv\/wp-content\/uploads\/2022\/07\/sg1-rj-01.jpg 1024w, https:\/\/sgirj.com.br\/gnv\/wp-content\/uploads\/2022\/07\/sg1-rj-01-300x169.jpg 300w, https:\/\/sgirj.com.br\/gnv\/wp-content\/uploads\/2022\/07\/sg1-rj-01-768x432.jpg 768w\" sizes=\"auto, (max-width: 1024px) 100vw, 1024px\" \/><\/a><\/div><\/div><div class=\"su-image-carousel-item\"><div class=\"su-image-carousel-item-content\"><a href=\"https:\/\/sgirj.com.br\/gnv\/wp-content\/uploads\/2022\/07\/sg1-rj-02.jpg\" target=\"_blank\" rel=\"noopener noreferrer\" data-caption=\"\"><img loading=\"lazy\" decoding=\"async\" width=\"1024\" height=\"576\" src=\"https:\/\/sgirj.com.br\/gnv\/wp-content\/uploads\/2022\/07\/sg1-rj-02.jpg\" class=\"\" alt=\"Inspe\u00e7\u00e3o veicular em S\u00e3o Gon\u00e7alo - SGI RJ\" srcset=\"https:\/\/sgirj.com.br\/gnv\/wp-content\/uploads\/2022\/07\/sg1-rj-02.jpg 1024w, https:\/\/sgirj.com.br\/gnv\/wp-content\/uploads\/2022\/07\/sg1-rj-02-300x169.jpg 300w, https:\/\/sgirj.com.br\/gnv\/wp-content\/uploads\/2022\/07\/sg1-rj-02-768x432.jpg 768w\" sizes=\"auto, (max-width: 1024px) 100vw, 1024px\" \/><\/a><\/div><\/div><div class=\"su-image-carousel-item\"><div class=\"su-image-carousel-item-content\"><a href=\"https:\/\/sgirj.com.br\/gnv\/wp-content\/uploads\/2022\/07\/sg1-rj-03.jpg\" target=\"_blank\" rel=\"noopener noreferrer\" data-caption=\"\"><img loading=\"lazy\" decoding=\"async\" width=\"1024\" height=\"576\" src=\"https:\/\/sgirj.com.br\/gnv\/wp-content\/uploads\/2022\/07\/sg1-rj-03.jpg\" class=\"\" alt=\"Inspe\u00e7\u00e3o veicular em S\u00e3o Gon\u00e7alo - SGI RJ\" srcset=\"https:\/\/sgirj.com.br\/gnv\/wp-content\/uploads\/2022\/07\/sg1-rj-03.jpg 1024w, https:\/\/sgirj.com.br\/gnv\/wp-content\/uploads\/2022\/07\/sg1-rj-03-300x169.jpg 300w, https:\/\/sgirj.com.br\/gnv\/wp-content\/uploads\/2022\/07\/sg1-rj-03-768x432.jpg 768w\" sizes=\"auto, (max-width: 1024px) 100vw, 1024px\" \/><\/a><\/div><\/div><div class=\"su-image-carousel-item\"><div class=\"su-image-carousel-item-content\"><a href=\"https:\/\/sgirj.com.br\/gnv\/wp-content\/uploads\/2022\/07\/sg1-rj-04.jpg\" target=\"_blank\" rel=\"noopener noreferrer\" data-caption=\"\"><img loading=\"lazy\" decoding=\"async\" width=\"1024\" height=\"576\" src=\"https:\/\/sgirj.com.br\/gnv\/wp-content\/uploads\/2022\/07\/sg1-rj-04.jpg\" class=\"\" alt=\"Inspe\u00e7\u00e3o veicular em S\u00e3o Gon\u00e7alo - SGI RJ\" srcset=\"https:\/\/sgirj.com.br\/gnv\/wp-content\/uploads\/2022\/07\/sg1-rj-04.jpg 1024w, https:\/\/sgirj.com.br\/gnv\/wp-content\/uploads\/2022\/07\/sg1-rj-04-300x169.jpg 300w, https:\/\/sgirj.com.br\/gnv\/wp-content\/uploads\/2022\/07\/sg1-rj-04-768x432.jpg 768w\" sizes=\"auto, (max-width: 1024px) 100vw, 1024px\" \/><\/a><\/div><\/div><div class=\"su-image-carousel-item\"><div class=\"su-image-carousel-item-content\"><a href=\"https:\/\/sgirj.com.br\/gnv\/wp-content\/uploads\/2022\/07\/sg1-rj-05.jpg\" target=\"_blank\" rel=\"noopener noreferrer\" data-caption=\"\"><img loading=\"lazy\" decoding=\"async\" width=\"1024\" height=\"576\" src=\"https:\/\/sgirj.com.br\/gnv\/wp-content\/uploads\/2022\/07\/sg1-rj-05.jpg\" class=\"\" alt=\"Inspe\u00e7\u00e3o veicular em S\u00e3o Gon\u00e7alo - SGI RJ\" srcset=\"https:\/\/sgirj.com.br\/gnv\/wp-content\/uploads\/2022\/07\/sg1-rj-05.jpg 1024w, https:\/\/sgirj.com.br\/gnv\/wp-content\/uploads\/2022\/07\/sg1-rj-05-300x169.jpg 300w, https:\/\/sgirj.com.br\/gnv\/wp-content\/uploads\/2022\/07\/sg1-rj-05-768x432.jpg 768w\" sizes=\"auto, (max-width: 1024px) 100vw, 1024px\" \/><\/a><\/div><\/div><div class=\"su-image-carousel-item\"><div class=\"su-image-carousel-item-content\"><a href=\"https:\/\/sgirj.com.br\/gnv\/wp-content\/uploads\/2022\/07\/sg1-rj-06.jpg\" target=\"_blank\" rel=\"noopener noreferrer\" data-caption=\"\"><img loading=\"lazy\" decoding=\"async\" width=\"1024\" height=\"576\" src=\"https:\/\/sgirj.com.br\/gnv\/wp-content\/uploads\/2022\/07\/sg1-rj-06.jpg\" class=\"\" alt=\"Inspe\u00e7\u00e3o veicular em S\u00e3o Gon\u00e7alo - SGI RJ\" srcset=\"https:\/\/sgirj.com.br\/gnv\/wp-content\/uploads\/2022\/07\/sg1-rj-06.jpg 1024w, https:\/\/sgirj.com.br\/gnv\/wp-content\/uploads\/2022\/07\/sg1-rj-06-300x169.jpg 300w, https:\/\/sgirj.com.br\/gnv\/wp-content\/uploads\/2022\/07\/sg1-rj-06-768x432.jpg 768w\" sizes=\"auto, (max-width: 1024px) 100vw, 1024px\" \/><\/a><\/div><\/div><div class=\"su-image-carousel-item\"><div class=\"su-image-carousel-item-content\"><a href=\"https:\/\/sgirj.com.br\/gnv\/wp-content\/uploads\/2022\/07\/sg1-rj-07.jpg\" target=\"_blank\" rel=\"noopener noreferrer\" data-caption=\"\"><img loading=\"lazy\" decoding=\"async\" width=\"1024\" height=\"576\" src=\"https:\/\/sgirj.com.br\/gnv\/wp-content\/uploads\/2022\/07\/sg1-rj-07.jpg\" class=\"\" alt=\"Inspe\u00e7\u00e3o veicular em S\u00e3o Gon\u00e7alo - SGI RJ\" srcset=\"https:\/\/sgirj.com.br\/gnv\/wp-content\/uploads\/2022\/07\/sg1-rj-07.jpg 1024w, https:\/\/sgirj.com.br\/gnv\/wp-content\/uploads\/2022\/07\/sg1-rj-07-300x169.jpg 300w, https:\/\/sgirj.com.br\/gnv\/wp-content\/uploads\/2022\/07\/sg1-rj-07-768x432.jpg 768w\" sizes=\"auto, (max-width: 1024px) 100vw, 1024px\" \/><\/a><\/div><\/div><div class=\"su-image-carousel-item\"><div class=\"su-image-carousel-item-content\"><a href=\"https:\/\/sgirj.com.br\/gnv\/wp-content\/uploads\/2022\/07\/sg1-rj-08.jpg\" target=\"_blank\" rel=\"noopener noreferrer\" data-caption=\"\"><img loading=\"lazy\" decoding=\"async\" width=\"1024\" height=\"576\" src=\"https:\/\/sgirj.com.br\/gnv\/wp-content\/uploads\/2022\/07\/sg1-rj-08.jpg\" class=\"\" alt=\"Inspe\u00e7\u00e3o veicular em S\u00e3o Gon\u00e7alo - SGI RJ\" srcset=\"https:\/\/sgirj.com.br\/gnv\/wp-content\/uploads\/2022\/07\/sg1-rj-08.jpg 1024w, https:\/\/sgirj.com.br\/gnv\/wp-content\/uploads\/2022\/07\/sg1-rj-08-300x169.jpg 300w, https:\/\/sgirj.com.br\/gnv\/wp-content\/uploads\/2022\/07\/sg1-rj-08-768x432.jpg 768w\" sizes=\"auto, (max-width: 1024px) 100vw, 1024px\" \/><\/a><\/div><\/div><div class=\"su-image-carousel-item\"><div class=\"su-image-carousel-item-content\"><a href=\"https:\/\/sgirj.com.br\/gnv\/wp-content\/uploads\/2022\/07\/sg1-rj-09.jpg\" target=\"_blank\" rel=\"noopener noreferrer\" data-caption=\"\"><img loading=\"lazy\" decoding=\"async\" width=\"1024\" height=\"576\" src=\"https:\/\/sgirj.com.br\/gnv\/wp-content\/uploads\/2022\/07\/sg1-rj-09.jpg\" class=\"\" alt=\"Inspe\u00e7\u00e3o veicular em S\u00e3o Gon\u00e7alo - SGI RJ\" srcset=\"https:\/\/sgirj.com.br\/gnv\/wp-content\/uploads\/2022\/07\/sg1-rj-09.jpg 1024w, https:\/\/sgirj.com.br\/gnv\/wp-content\/uploads\/2022\/07\/sg1-rj-09-300x169.jpg 300w, https:\/\/sgirj.com.br\/gnv\/wp-content\/uploads\/2022\/07\/sg1-rj-09-768x432.jpg 768w\" sizes=\"auto, (max-width: 1024px) 100vw, 1024px\" \/><\/a><\/div><\/div><div class=\"su-image-carousel-item\"><div class=\"su-image-carousel-item-content\"><a href=\"https:\/\/sgirj.com.br\/gnv\/wp-content\/uploads\/2022\/07\/sg1-rj-10.jpg\" target=\"_blank\" rel=\"noopener noreferrer\" data-caption=\"\"><img loading=\"lazy\" decoding=\"async\" width=\"1024\" height=\"576\" src=\"https:\/\/sgirj.com.br\/gnv\/wp-content\/uploads\/2022\/07\/sg1-rj-10.jpg\" class=\"\" alt=\"Inspe\u00e7\u00e3o veicular em S\u00e3o Gon\u00e7alo - SGI RJ\" srcset=\"https:\/\/sgirj.com.br\/gnv\/wp-content\/uploads\/2022\/07\/sg1-rj-10.jpg 1024w, https:\/\/sgirj.com.br\/gnv\/wp-content\/uploads\/2022\/07\/sg1-rj-10-300x169.jpg 300w, https:\/\/sgirj.com.br\/gnv\/wp-content\/uploads\/2022\/07\/sg1-rj-10-768x432.jpg 768w\" sizes=\"auto, (max-width: 1024px) 100vw, 1024px\" \/><\/a><\/div><\/div><div class=\"su-image-carousel-item\"><div class=\"su-image-carousel-item-content\"><a href=\"https:\/\/sgirj.com.br\/gnv\/wp-content\/uploads\/2022\/07\/sg1-rj-11.jpg\" target=\"_blank\" rel=\"noopener noreferrer\" data-caption=\"\"><img loading=\"lazy\" decoding=\"async\" width=\"1024\" height=\"576\" src=\"https:\/\/sgirj.com.br\/gnv\/wp-content\/uploads\/2022\/07\/sg1-rj-11.jpg\" class=\"\" alt=\"Inspe\u00e7\u00e3o veicular em S\u00e3o Gon\u00e7alo - SGI RJ\" srcset=\"https:\/\/sgirj.com.br\/gnv\/wp-content\/uploads\/2022\/07\/sg1-rj-11.jpg 1024w, https:\/\/sgirj.com.br\/gnv\/wp-content\/uploads\/2022\/07\/sg1-rj-11-300x169.jpg 300w, https:\/\/sgirj.com.br\/gnv\/wp-content\/uploads\/2022\/07\/sg1-rj-11-768x432.jpg 768w\" sizes=\"auto, (max-width: 1024px) 100vw, 1024px\" \/><\/a><\/div><\/div><div class=\"su-image-carousel-item\"><div class=\"su-image-carousel-item-content\"><a href=\"https:\/\/sgirj.com.br\/gnv\/wp-content\/uploads\/2022\/07\/sg1-rj-12.jpg\" target=\"_blank\" rel=\"noopener noreferrer\" data-caption=\"\"><img loading=\"lazy\" decoding=\"async\" width=\"1024\" height=\"576\" src=\"https:\/\/sgirj.com.br\/gnv\/wp-content\/uploads\/2022\/07\/sg1-rj-12.jpg\" class=\"\" alt=\"Inspe\u00e7\u00e3o veicular em S\u00e3o Gon\u00e7alo - SGI RJ\" srcset=\"https:\/\/sgirj.com.br\/gnv\/wp-content\/uploads\/2022\/07\/sg1-rj-12.jpg 1024w, https:\/\/sgirj.com.br\/gnv\/wp-content\/uploads\/2022\/07\/sg1-rj-12-300x169.jpg 300w, https:\/\/sgirj.com.br\/gnv\/wp-content\/uploads\/2022\/07\/sg1-rj-12-768x432.jpg 768w\" sizes=\"auto, (max-width: 1024px) 100vw, 1024px\" \/><\/a><\/div><\/div><div class=\"su-image-carousel-item\"><div class=\"su-image-carousel-item-content\"><a href=\"https:\/\/sgirj.com.br\/gnv\/wp-content\/uploads\/2022\/07\/sg1-rj-12a.jpg\" target=\"_blank\" rel=\"noopener noreferrer\" data-caption=\"\"><img loading=\"lazy\" decoding=\"async\" width=\"1024\" height=\"576\" src=\"https:\/\/sgirj.com.br\/gnv\/wp-content\/uploads\/2022\/07\/sg1-rj-12a.jpg\" class=\"\" alt=\"Inspe\u00e7\u00e3o veicular em S\u00e3o Gon\u00e7alo - SGI RJ\" srcset=\"https:\/\/sgirj.com.br\/gnv\/wp-content\/uploads\/2022\/07\/sg1-rj-12a.jpg 1024w, https:\/\/sgirj.com.br\/gnv\/wp-content\/uploads\/2022\/07\/sg1-rj-12a-300x169.jpg 300w, https:\/\/sgirj.com.br\/gnv\/wp-content\/uploads\/2022\/07\/sg1-rj-12a-768x432.jpg 768w\" sizes=\"auto, (max-width: 1024px) 100vw, 1024px\" \/><\/a><\/div><\/div><div class=\"su-image-carousel-item\"><div class=\"su-image-carousel-item-content\"><a href=\"https:\/\/sgirj.com.br\/gnv\/wp-content\/uploads\/2022\/07\/sg1-rj-13.jpg\" target=\"_blank\" rel=\"noopener noreferrer\" data-caption=\"\"><img loading=\"lazy\" decoding=\"async\" width=\"1024\" height=\"576\" src=\"https:\/\/sgirj.com.br\/gnv\/wp-content\/uploads\/2022\/07\/sg1-rj-13.jpg\" class=\"\" alt=\"Inspe\u00e7\u00e3o veicular em S\u00e3o Gon\u00e7alo - SGI RJ\" srcset=\"https:\/\/sgirj.com.br\/gnv\/wp-content\/uploads\/2022\/07\/sg1-rj-13.jpg 1024w, https:\/\/sgirj.com.br\/gnv\/wp-content\/uploads\/2022\/07\/sg1-rj-13-300x169.jpg 300w, https:\/\/sgirj.com.br\/gnv\/wp-content\/uploads\/2022\/07\/sg1-rj-13-768x432.jpg 768w\" sizes=\"auto, (max-width: 1024px) 100vw, 1024px\" \/><\/a><\/div><\/div><div class=\"su-image-carousel-item\"><div class=\"su-image-carousel-item-content\"><a href=\"https:\/\/sgirj.com.br\/gnv\/wp-content\/uploads\/2022\/07\/sg1-rj-14.jpg\" target=\"_blank\" rel=\"noopener noreferrer\" data-caption=\"\"><img loading=\"lazy\" decoding=\"async\" width=\"1024\" height=\"576\" src=\"https:\/\/sgirj.com.br\/gnv\/wp-content\/uploads\/2022\/07\/sg1-rj-14.jpg\" class=\"\" alt=\"Inspe\u00e7\u00e3o veicular em S\u00e3o Gon\u00e7alo - SGI RJ\" srcset=\"https:\/\/sgirj.com.br\/gnv\/wp-content\/uploads\/2022\/07\/sg1-rj-14.jpg 1024w, https:\/\/sgirj.com.br\/gnv\/wp-content\/uploads\/2022\/07\/sg1-rj-14-300x169.jpg 300w, https:\/\/sgirj.com.br\/gnv\/wp-content\/uploads\/2022\/07\/sg1-rj-14-768x432.jpg 768w\" sizes=\"auto, (max-width: 1024px) 100vw, 1024px\" \/><\/a><\/div><\/div><div class=\"su-image-carousel-item\"><div class=\"su-image-carousel-item-content\"><a href=\"https:\/\/sgirj.com.br\/gnv\/wp-content\/uploads\/2022\/07\/sg1-rj-15.jpg\" target=\"_blank\" rel=\"noopener noreferrer\" data-caption=\"\"><img loading=\"lazy\" decoding=\"async\" width=\"1024\" height=\"576\" src=\"https:\/\/sgirj.com.br\/gnv\/wp-content\/uploads\/2022\/07\/sg1-rj-15.jpg\" class=\"\" alt=\"Inspe\u00e7\u00e3o veicular em S\u00e3o Gon\u00e7alo - SGI RJ\" srcset=\"https:\/\/sgirj.com.br\/gnv\/wp-content\/uploads\/2022\/07\/sg1-rj-15.jpg 1024w, https:\/\/sgirj.com.br\/gnv\/wp-content\/uploads\/2022\/07\/sg1-rj-15-300x169.jpg 300w, https:\/\/sgirj.com.br\/gnv\/wp-content\/uploads\/2022\/07\/sg1-rj-15-768x432.jpg 768w\" sizes=\"auto, (max-width: 1024px) 100vw, 1024px\" \/><\/a><\/div><\/div><div class=\"su-image-carousel-item\"><div class=\"su-image-carousel-item-content\"><a href=\"https:\/\/sgirj.com.br\/gnv\/wp-content\/uploads\/2022\/07\/sg1-rj-16.jpg\" target=\"_blank\" rel=\"noopener noreferrer\" data-caption=\"\"><img loading=\"lazy\" decoding=\"async\" width=\"1024\" height=\"576\" src=\"https:\/\/sgirj.com.br\/gnv\/wp-content\/uploads\/2022\/07\/sg1-rj-16.jpg\" class=\"\" alt=\"Inspe\u00e7\u00e3o veicular em S\u00e3o Gon\u00e7alo - SGI RJ\" srcset=\"https:\/\/sgirj.com.br\/gnv\/wp-content\/uploads\/2022\/07\/sg1-rj-16.jpg 1024w, https:\/\/sgirj.com.br\/gnv\/wp-content\/uploads\/2022\/07\/sg1-rj-16-300x169.jpg 300w, https:\/\/sgirj.com.br\/gnv\/wp-content\/uploads\/2022\/07\/sg1-rj-16-768x432.jpg 768w\" sizes=\"auto, (max-width: 1024px) 100vw, 1024px\" \/><\/a><\/div><\/div><div class=\"su-image-carousel-item\"><div class=\"su-image-carousel-item-content\"><a href=\"https:\/\/sgirj.com.br\/gnv\/wp-content\/uploads\/2022\/07\/sg1-rj-17.jpg\" target=\"_blank\" rel=\"noopener noreferrer\" data-caption=\"\"><img loading=\"lazy\" decoding=\"async\" width=\"1024\" height=\"576\" src=\"https:\/\/sgirj.com.br\/gnv\/wp-content\/uploads\/2022\/07\/sg1-rj-17.jpg\" class=\"\" alt=\"Inspe\u00e7\u00e3o de ve\u00edculos em S\u00e3o Gon\u00e7alo SGI RJ\" srcset=\"https:\/\/sgirj.com.br\/gnv\/wp-content\/uploads\/2022\/07\/sg1-rj-17.jpg 1024w, https:\/\/sgirj.com.br\/gnv\/wp-content\/uploads\/2022\/07\/sg1-rj-17-300x169.jpg 300w, https:\/\/sgirj.com.br\/gnv\/wp-content\/uploads\/2022\/07\/sg1-rj-17-768x432.jpg 768w\" sizes=\"auto, (max-width: 1024px) 100vw, 1024px\" \/><\/a><\/div><\/div><div class=\"su-image-carousel-item\"><div class=\"su-image-carousel-item-content\"><a href=\"https:\/\/sgirj.com.br\/gnv\/wp-content\/uploads\/2022\/07\/sg1-rj-18.jpg\" target=\"_blank\" rel=\"noopener noreferrer\" data-caption=\"\"><img loading=\"lazy\" decoding=\"async\" width=\"1024\" height=\"576\" src=\"https:\/\/sgirj.com.br\/gnv\/wp-content\/uploads\/2022\/07\/sg1-rj-18.jpg\" class=\"\" alt=\"Inspe\u00e7\u00e3o de ve\u00edculos em S\u00e3o Gon\u00e7alo SGI RJ\" srcset=\"https:\/\/sgirj.com.br\/gnv\/wp-content\/uploads\/2022\/07\/sg1-rj-18.jpg 1024w, https:\/\/sgirj.com.br\/gnv\/wp-content\/uploads\/2022\/07\/sg1-rj-18-300x169.jpg 300w, https:\/\/sgirj.com.br\/gnv\/wp-content\/uploads\/2022\/07\/sg1-rj-18-768x432.jpg 768w\" sizes=\"auto, (max-width: 1024px) 100vw, 1024px\" \/><\/a><\/div><\/div><div class=\"su-image-carousel-item\"><div class=\"su-image-carousel-item-content\"><a href=\"https:\/\/sgirj.com.br\/gnv\/wp-content\/uploads\/2022\/07\/sg1-rj-19.jpg\" target=\"_blank\" rel=\"noopener noreferrer\" data-caption=\"\"><img loading=\"lazy\" decoding=\"async\" width=\"1024\" height=\"576\" src=\"https:\/\/sgirj.com.br\/gnv\/wp-content\/uploads\/2022\/07\/sg1-rj-19.jpg\" class=\"\" alt=\"Inspe\u00e7\u00e3o de ve\u00edculos em S\u00e3o Gon\u00e7alo SGI RJ\" srcset=\"https:\/\/sgirj.com.br\/gnv\/wp-content\/uploads\/2022\/07\/sg1-rj-19.jpg 1024w, https:\/\/sgirj.com.br\/gnv\/wp-content\/uploads\/2022\/07\/sg1-rj-19-300x169.jpg 300w, https:\/\/sgirj.com.br\/gnv\/wp-content\/uploads\/2022\/07\/sg1-rj-19-768x432.jpg 768w\" sizes=\"auto, (max-width: 1024px) 100vw, 1024px\" \/><\/a><\/div><\/div><div class=\"su-image-carousel-item\"><div class=\"su-image-carousel-item-content\"><a href=\"https:\/\/sgirj.com.br\/gnv\/wp-content\/uploads\/2022\/07\/sg1-rj-20.jpg\" target=\"_blank\" rel=\"noopener noreferrer\" data-caption=\"\"><img loading=\"lazy\" decoding=\"async\" width=\"1024\" height=\"576\" src=\"https:\/\/sgirj.com.br\/gnv\/wp-content\/uploads\/2022\/07\/sg1-rj-20.jpg\" class=\"\" alt=\"Inspe\u00e7\u00e3o de ve\u00edculos em S\u00e3o Gon\u00e7alo SGI RJ\" srcset=\"https:\/\/sgirj.com.br\/gnv\/wp-content\/uploads\/2022\/07\/sg1-rj-20.jpg 1024w, https:\/\/sgirj.com.br\/gnv\/wp-content\/uploads\/2022\/07\/sg1-rj-20-300x169.jpg 300w, https:\/\/sgirj.com.br\/gnv\/wp-content\/uploads\/2022\/07\/sg1-rj-20-768x432.jpg 768w\" sizes=\"auto, (max-width: 1024px) 100vw, 1024px\" \/><\/a><\/div><\/div><div class=\"su-image-carousel-item\"><div class=\"su-image-carousel-item-content\"><a href=\"https:\/\/sgirj.com.br\/gnv\/wp-content\/uploads\/2022\/07\/sg1-rj-21.jpg\" target=\"_blank\" rel=\"noopener noreferrer\" data-caption=\"\"><img loading=\"lazy\" decoding=\"async\" width=\"1024\" height=\"576\" src=\"https:\/\/sgirj.com.br\/gnv\/wp-content\/uploads\/2022\/07\/sg1-rj-21.jpg\" class=\"\" alt=\"Inspe\u00e7\u00e3o de ve\u00edculos em S\u00e3o Gon\u00e7alo SGI RJ\" srcset=\"https:\/\/sgirj.com.br\/gnv\/wp-content\/uploads\/2022\/07\/sg1-rj-21.jpg 1024w, https:\/\/sgirj.com.br\/gnv\/wp-content\/uploads\/2022\/07\/sg1-rj-21-300x169.jpg 300w, https:\/\/sgirj.com.br\/gnv\/wp-content\/uploads\/2022\/07\/sg1-rj-21-768x432.jpg 768w\" sizes=\"auto, (max-width: 1024px) 100vw, 1024px\" \/><\/a><\/div><\/div><div class=\"su-image-carousel-item\"><div class=\"su-image-carousel-item-content\"><a href=\"https:\/\/sgirj.com.br\/gnv\/wp-content\/uploads\/2022\/07\/sg1-rj-22.jpg\" target=\"_blank\" rel=\"noopener noreferrer\" data-caption=\"\"><img loading=\"lazy\" decoding=\"async\" width=\"1024\" height=\"576\" src=\"https:\/\/sgirj.com.br\/gnv\/wp-content\/uploads\/2022\/07\/sg1-rj-22.jpg\" class=\"\" alt=\"Inspe\u00e7\u00e3o de ve\u00edculos em S\u00e3o Gon\u00e7alo SGI RJ\" srcset=\"https:\/\/sgirj.com.br\/gnv\/wp-content\/uploads\/2022\/07\/sg1-rj-22.jpg 1024w, https:\/\/sgirj.com.br\/gnv\/wp-content\/uploads\/2022\/07\/sg1-rj-22-300x169.jpg 300w, https:\/\/sgirj.com.br\/gnv\/wp-content\/uploads\/2022\/07\/sg1-rj-22-768x432.jpg 768w\" sizes=\"auto, (max-width: 1024px) 100vw, 1024px\" \/><\/a><\/div><\/div><div class=\"su-image-carousel-item\"><div class=\"su-image-carousel-item-content\"><a href=\"https:\/\/sgirj.com.br\/gnv\/wp-content\/uploads\/2022\/07\/sg1-rj-23.jpg\" target=\"_blank\" rel=\"noopener noreferrer\" data-caption=\"\"><img loading=\"lazy\" decoding=\"async\" width=\"1024\" height=\"576\" src=\"https:\/\/sgirj.com.br\/gnv\/wp-content\/uploads\/2022\/07\/sg1-rj-23.jpg\" class=\"\" alt=\"Inspe\u00e7\u00e3o de ve\u00edculos em S\u00e3o Gon\u00e7alo SGI RJ\" srcset=\"https:\/\/sgirj.com.br\/gnv\/wp-content\/uploads\/2022\/07\/sg1-rj-23.jpg 1024w, https:\/\/sgirj.com.br\/gnv\/wp-content\/uploads\/2022\/07\/sg1-rj-23-300x169.jpg 300w, https:\/\/sgirj.com.br\/gnv\/wp-content\/uploads\/2022\/07\/sg1-rj-23-768x432.jpg 768w\" sizes=\"auto, (max-width: 1024px) 100vw, 1024px\" \/><\/a><\/div><\/div><\/div><script id=\"su_image_carousel_6a070308ed56a_script\">if(window.SUImageCarousel){setTimeout(function() {window.SUImageCarousel.initGallery(document.getElementById(\"su_image_carousel_6a070308ed56a\"))}, 0);}var su_image_carousel_6a070308ed56a_script=document.getElementById(\"su_image_carousel_6a070308ed56a_script\");if(su_image_carousel_6a070308ed56a_script){su_image_carousel_6a070308ed56a_script.parentNode.removeChild(su_image_carousel_6a070308ed56a_script);}<\/script>\n","protected":false},"excerpt":{"rendered":"<p>Rua Expedicion\u00e1rio Raul Marques Marinho 39, Almerinda, S\u00e3o Gon\u00e7alo, RJ 24742-030<\/p>\n","protected":false},"author":1,"featured_media":0,"parent":0,"menu_order":0,"comment_status":"closed","ping_status":"closed","template":"","meta":{"footnotes":"","_links_to":"","_links_to_target":""},"class_list":["post-31","page","type-page","status-publish","hentry"],"_links":{"self":[{"href":"https:\/\/sgirj.com.br\/gnv\/wp-json\/wp\/v2\/pages\/31","targetHints":{"allow":["GET"]}}],"collection":[{"href":"https:\/\/sgirj.com.br\/gnv\/wp-json\/wp\/v2\/pages"}],"about":[{"href":"https:\/\/sgirj.com.br\/gnv\/wp-json\/wp\/v2\/types\/page"}],"author":[{"embeddable":true,"href":"https:\/\/sgirj.com.br\/gnv\/wp-json\/wp\/v2\/users\/1"}],"replies":[{"embeddable":true,"href":"https:\/\/sgirj.com.br\/gnv\/wp-json\/wp\/v2\/comments?post=31"}],"version-history":[{"count":7,"href":"https:\/\/sgirj.com.br\/gnv\/wp-json\/wp\/v2\/pages\/31\/revisions"}],"predecessor-version":[{"id":347,"href":"https:\/\/sgirj.com.br\/gnv\/wp-json\/wp\/v2\/pages\/31\/revisions\/347"}],"wp:attachment":[{"href":"https:\/\/sgirj.com.br\/gnv\/wp-json\/wp\/v2\/media?parent=31"}],"curies":[{"name":"wp","href":"https:\/\/api.w.org\/{rel}","templated":true}]}}