{"id":33,"date":"2022-06-13T19:49:40","date_gmt":"2022-06-13T22:49:40","guid":{"rendered":"https:\/\/sgirj.com.br\/gnv\/?page_id=33"},"modified":"2022-07-14T10:16:08","modified_gmt":"2022-07-14T13:16:08","slug":"normas","status":"publish","type":"page","link":"https:\/\/sgirj.com.br\/gnv\/normas\/","title":{"rendered":"Normas"},"content":{"rendered":"<div class=\"sec_content_main_title\" style=\"text-align:;\">Normas e Portarias<\/div>\n<div class=\"su-table su-table-alternate\">\n<table>\n<tbody>\n<tr>\n<td>Portaria INMETRO n\u00ba 149\/2022 \u2013 Aprova RTQ para ISV em Ve\u00edculos Rodovi\u00e1rios Automotores, modificados, fabrica\u00e7\u00e3o artesanal e Recuperados de Sinistro.<\/td>\n<\/tr>\n<tr>\n<td>Portaria INMETRO n\u00ba 147\/2022 \u2013 Aprova RTQ para ISV de Ve\u00edculos Rodovi\u00e1rios Automotores com Sistemas de GNV.<\/td>\n<\/tr>\n<tr>\n<td>Resolu\u00e7\u00e3o CONTRAN n\u00ba 922\/2022 \u2013 Procedimento para a Presta\u00e7\u00e3o de Servi\u00e7os por Institui\u00e7\u00e3o T\u00e9cnica Licenciada-ITL, e por Entidade T\u00e9cnica P\u00fablica ou Paraestatal, para Emiss\u00e3o do Certificado de Seguran\u00e7a Veicular-CSV, de que Trata o Art. 106 do C\u00f3digo de Tr\u00e2nsito Brasileiro-CTB.<\/td>\n<\/tr>\n<tr>\n<td>Resolu\u00e7\u00e3o Contran n\u00ba 916 \u2013 Modifica\u00e7\u00e3o com e sem CAT.<\/td>\n<\/tr>\n<tr>\n<td>NBR 14040<\/td>\n<\/tr>\n<tr>\n<td>NBR \/ ISO 17020<\/td>\n<\/tr>\n<tr>\n<td>IBAMA 06<\/td>\n<\/tr>\n<tr>\n<td>CONAMA 418<\/td>\n<\/tr>\n<\/tbody>\n<\/table>\n<\/div>\n<div class=\"su-image-carousel  su-image-carousel-columns-3 su-image-carousel-has-spacing su-image-carousel-crop su-image-carousel-crop-5-4 su-image-carousel-has-lightbox su-image-carousel-has-outline su-image-carousel-adaptive su-image-carousel-slides-style-default su-image-carousel-controls-style-dark su-image-carousel-align-left\" style=\"\" data-flickity-options='{\"groupCells\":true,\"cellSelector\":\".su-image-carousel-item\",\"adaptiveHeight\":false,\"cellAlign\":\"left\",\"prevNextButtons\":true,\"pageDots\":true,\"autoPlay\":4000,\"imagesLoaded\":true,\"contain\":true,\"selectedAttraction\":0.025000000000000001387778780781445675529539585113525390625,\"friction\":0.2800000000000000266453525910037569701671600341796875}' id=\"su_image_carousel_6a070604576da\"><div class=\"su-image-carousel-item\"><div class=\"su-image-carousel-item-content\"><a href=\"https:\/\/sgirj.com.br\/gnv\/wp-content\/uploads\/2022\/07\/sg1-rj-01.jpg\" target=\"_blank\" rel=\"noopener noreferrer\" data-caption=\"\"><img loading=\"lazy\" decoding=\"async\" width=\"1024\" height=\"576\" src=\"https:\/\/sgirj.com.br\/gnv\/wp-content\/uploads\/2022\/07\/sg1-rj-01.jpg\" class=\"\" alt=\"Inspe\u00e7\u00e3o veicular em S\u00e3o Gon\u00e7alo - SGI RJ\" srcset=\"https:\/\/sgirj.com.br\/gnv\/wp-content\/uploads\/2022\/07\/sg1-rj-01.jpg 1024w, https:\/\/sgirj.com.br\/gnv\/wp-content\/uploads\/2022\/07\/sg1-rj-01-300x169.jpg 300w, https:\/\/sgirj.com.br\/gnv\/wp-content\/uploads\/2022\/07\/sg1-rj-01-768x432.jpg 768w\" sizes=\"auto, (max-width: 1024px) 100vw, 1024px\" \/><\/a><\/div><\/div><div class=\"su-image-carousel-item\"><div class=\"su-image-carousel-item-content\"><a href=\"https:\/\/sgirj.com.br\/gnv\/wp-content\/uploads\/2022\/07\/sg1-rj-02.jpg\" target=\"_blank\" rel=\"noopener noreferrer\" data-caption=\"\"><img loading=\"lazy\" decoding=\"async\" width=\"1024\" height=\"576\" src=\"https:\/\/sgirj.com.br\/gnv\/wp-content\/uploads\/2022\/07\/sg1-rj-02.jpg\" class=\"\" alt=\"Inspe\u00e7\u00e3o veicular em S\u00e3o Gon\u00e7alo - SGI RJ\" srcset=\"https:\/\/sgirj.com.br\/gnv\/wp-content\/uploads\/2022\/07\/sg1-rj-02.jpg 1024w, https:\/\/sgirj.com.br\/gnv\/wp-content\/uploads\/2022\/07\/sg1-rj-02-300x169.jpg 300w, https:\/\/sgirj.com.br\/gnv\/wp-content\/uploads\/2022\/07\/sg1-rj-02-768x432.jpg 768w\" sizes=\"auto, (max-width: 1024px) 100vw, 1024px\" \/><\/a><\/div><\/div><div class=\"su-image-carousel-item\"><div class=\"su-image-carousel-item-content\"><a href=\"https:\/\/sgirj.com.br\/gnv\/wp-content\/uploads\/2022\/07\/sg1-rj-03.jpg\" target=\"_blank\" rel=\"noopener noreferrer\" data-caption=\"\"><img loading=\"lazy\" decoding=\"async\" width=\"1024\" height=\"576\" src=\"https:\/\/sgirj.com.br\/gnv\/wp-content\/uploads\/2022\/07\/sg1-rj-03.jpg\" class=\"\" alt=\"Inspe\u00e7\u00e3o veicular em S\u00e3o Gon\u00e7alo - SGI RJ\" srcset=\"https:\/\/sgirj.com.br\/gnv\/wp-content\/uploads\/2022\/07\/sg1-rj-03.jpg 1024w, https:\/\/sgirj.com.br\/gnv\/wp-content\/uploads\/2022\/07\/sg1-rj-03-300x169.jpg 300w, https:\/\/sgirj.com.br\/gnv\/wp-content\/uploads\/2022\/07\/sg1-rj-03-768x432.jpg 768w\" sizes=\"auto, (max-width: 1024px) 100vw, 1024px\" \/><\/a><\/div><\/div><div class=\"su-image-carousel-item\"><div class=\"su-image-carousel-item-content\"><a href=\"https:\/\/sgirj.com.br\/gnv\/wp-content\/uploads\/2022\/07\/sg1-rj-04.jpg\" target=\"_blank\" rel=\"noopener noreferrer\" data-caption=\"\"><img loading=\"lazy\" decoding=\"async\" width=\"1024\" height=\"576\" src=\"https:\/\/sgirj.com.br\/gnv\/wp-content\/uploads\/2022\/07\/sg1-rj-04.jpg\" class=\"\" alt=\"Inspe\u00e7\u00e3o veicular em S\u00e3o Gon\u00e7alo - SGI RJ\" srcset=\"https:\/\/sgirj.com.br\/gnv\/wp-content\/uploads\/2022\/07\/sg1-rj-04.jpg 1024w, https:\/\/sgirj.com.br\/gnv\/wp-content\/uploads\/2022\/07\/sg1-rj-04-300x169.jpg 300w, https:\/\/sgirj.com.br\/gnv\/wp-content\/uploads\/2022\/07\/sg1-rj-04-768x432.jpg 768w\" sizes=\"auto, (max-width: 1024px) 100vw, 1024px\" \/><\/a><\/div><\/div><div class=\"su-image-carousel-item\"><div class=\"su-image-carousel-item-content\"><a href=\"https:\/\/sgirj.com.br\/gnv\/wp-content\/uploads\/2022\/07\/sg1-rj-05.jpg\" target=\"_blank\" rel=\"noopener noreferrer\" data-caption=\"\"><img loading=\"lazy\" decoding=\"async\" width=\"1024\" height=\"576\" src=\"https:\/\/sgirj.com.br\/gnv\/wp-content\/uploads\/2022\/07\/sg1-rj-05.jpg\" class=\"\" alt=\"Inspe\u00e7\u00e3o veicular em S\u00e3o Gon\u00e7alo - SGI RJ\" srcset=\"https:\/\/sgirj.com.br\/gnv\/wp-content\/uploads\/2022\/07\/sg1-rj-05.jpg 1024w, https:\/\/sgirj.com.br\/gnv\/wp-content\/uploads\/2022\/07\/sg1-rj-05-300x169.jpg 300w, https:\/\/sgirj.com.br\/gnv\/wp-content\/uploads\/2022\/07\/sg1-rj-05-768x432.jpg 768w\" sizes=\"auto, (max-width: 1024px) 100vw, 1024px\" \/><\/a><\/div><\/div><div class=\"su-image-carousel-item\"><div class=\"su-image-carousel-item-content\"><a href=\"https:\/\/sgirj.com.br\/gnv\/wp-content\/uploads\/2022\/07\/sg1-rj-06.jpg\" target=\"_blank\" rel=\"noopener noreferrer\" data-caption=\"\"><img loading=\"lazy\" decoding=\"async\" width=\"1024\" height=\"576\" src=\"https:\/\/sgirj.com.br\/gnv\/wp-content\/uploads\/2022\/07\/sg1-rj-06.jpg\" class=\"\" alt=\"Inspe\u00e7\u00e3o veicular em S\u00e3o Gon\u00e7alo - SGI RJ\" srcset=\"https:\/\/sgirj.com.br\/gnv\/wp-content\/uploads\/2022\/07\/sg1-rj-06.jpg 1024w, https:\/\/sgirj.com.br\/gnv\/wp-content\/uploads\/2022\/07\/sg1-rj-06-300x169.jpg 300w, https:\/\/sgirj.com.br\/gnv\/wp-content\/uploads\/2022\/07\/sg1-rj-06-768x432.jpg 768w\" sizes=\"auto, (max-width: 1024px) 100vw, 1024px\" \/><\/a><\/div><\/div><div class=\"su-image-carousel-item\"><div class=\"su-image-carousel-item-content\"><a href=\"https:\/\/sgirj.com.br\/gnv\/wp-content\/uploads\/2022\/07\/sg1-rj-07.jpg\" target=\"_blank\" rel=\"noopener noreferrer\" data-caption=\"\"><img loading=\"lazy\" decoding=\"async\" width=\"1024\" height=\"576\" src=\"https:\/\/sgirj.com.br\/gnv\/wp-content\/uploads\/2022\/07\/sg1-rj-07.jpg\" class=\"\" alt=\"Inspe\u00e7\u00e3o veicular em S\u00e3o Gon\u00e7alo - SGI RJ\" srcset=\"https:\/\/sgirj.com.br\/gnv\/wp-content\/uploads\/2022\/07\/sg1-rj-07.jpg 1024w, https:\/\/sgirj.com.br\/gnv\/wp-content\/uploads\/2022\/07\/sg1-rj-07-300x169.jpg 300w, https:\/\/sgirj.com.br\/gnv\/wp-content\/uploads\/2022\/07\/sg1-rj-07-768x432.jpg 768w\" sizes=\"auto, (max-width: 1024px) 100vw, 1024px\" \/><\/a><\/div><\/div><div class=\"su-image-carousel-item\"><div class=\"su-image-carousel-item-content\"><a href=\"https:\/\/sgirj.com.br\/gnv\/wp-content\/uploads\/2022\/07\/sg1-rj-08.jpg\" target=\"_blank\" rel=\"noopener noreferrer\" data-caption=\"\"><img loading=\"lazy\" decoding=\"async\" width=\"1024\" height=\"576\" src=\"https:\/\/sgirj.com.br\/gnv\/wp-content\/uploads\/2022\/07\/sg1-rj-08.jpg\" class=\"\" alt=\"Inspe\u00e7\u00e3o veicular em S\u00e3o Gon\u00e7alo - SGI RJ\" srcset=\"https:\/\/sgirj.com.br\/gnv\/wp-content\/uploads\/2022\/07\/sg1-rj-08.jpg 1024w, https:\/\/sgirj.com.br\/gnv\/wp-content\/uploads\/2022\/07\/sg1-rj-08-300x169.jpg 300w, https:\/\/sgirj.com.br\/gnv\/wp-content\/uploads\/2022\/07\/sg1-rj-08-768x432.jpg 768w\" sizes=\"auto, (max-width: 1024px) 100vw, 1024px\" \/><\/a><\/div><\/div><div class=\"su-image-carousel-item\"><div class=\"su-image-carousel-item-content\"><a href=\"https:\/\/sgirj.com.br\/gnv\/wp-content\/uploads\/2022\/07\/sg1-rj-09.jpg\" target=\"_blank\" rel=\"noopener noreferrer\" data-caption=\"\"><img loading=\"lazy\" decoding=\"async\" width=\"1024\" height=\"576\" src=\"https:\/\/sgirj.com.br\/gnv\/wp-content\/uploads\/2022\/07\/sg1-rj-09.jpg\" class=\"\" alt=\"Inspe\u00e7\u00e3o veicular em S\u00e3o Gon\u00e7alo - SGI RJ\" srcset=\"https:\/\/sgirj.com.br\/gnv\/wp-content\/uploads\/2022\/07\/sg1-rj-09.jpg 1024w, https:\/\/sgirj.com.br\/gnv\/wp-content\/uploads\/2022\/07\/sg1-rj-09-300x169.jpg 300w, https:\/\/sgirj.com.br\/gnv\/wp-content\/uploads\/2022\/07\/sg1-rj-09-768x432.jpg 768w\" sizes=\"auto, (max-width: 1024px) 100vw, 1024px\" \/><\/a><\/div><\/div><div class=\"su-image-carousel-item\"><div class=\"su-image-carousel-item-content\"><a href=\"https:\/\/sgirj.com.br\/gnv\/wp-content\/uploads\/2022\/07\/sg1-rj-10.jpg\" target=\"_blank\" rel=\"noopener noreferrer\" data-caption=\"\"><img loading=\"lazy\" decoding=\"async\" width=\"1024\" height=\"576\" src=\"https:\/\/sgirj.com.br\/gnv\/wp-content\/uploads\/2022\/07\/sg1-rj-10.jpg\" class=\"\" alt=\"Inspe\u00e7\u00e3o veicular em S\u00e3o Gon\u00e7alo - SGI RJ\" srcset=\"https:\/\/sgirj.com.br\/gnv\/wp-content\/uploads\/2022\/07\/sg1-rj-10.jpg 1024w, https:\/\/sgirj.com.br\/gnv\/wp-content\/uploads\/2022\/07\/sg1-rj-10-300x169.jpg 300w, https:\/\/sgirj.com.br\/gnv\/wp-content\/uploads\/2022\/07\/sg1-rj-10-768x432.jpg 768w\" sizes=\"auto, (max-width: 1024px) 100vw, 1024px\" \/><\/a><\/div><\/div><div class=\"su-image-carousel-item\"><div class=\"su-image-carousel-item-content\"><a href=\"https:\/\/sgirj.com.br\/gnv\/wp-content\/uploads\/2022\/07\/sg1-rj-11.jpg\" target=\"_blank\" rel=\"noopener noreferrer\" data-caption=\"\"><img loading=\"lazy\" decoding=\"async\" width=\"1024\" height=\"576\" src=\"https:\/\/sgirj.com.br\/gnv\/wp-content\/uploads\/2022\/07\/sg1-rj-11.jpg\" class=\"\" alt=\"Inspe\u00e7\u00e3o veicular em S\u00e3o Gon\u00e7alo - SGI RJ\" srcset=\"https:\/\/sgirj.com.br\/gnv\/wp-content\/uploads\/2022\/07\/sg1-rj-11.jpg 1024w, https:\/\/sgirj.com.br\/gnv\/wp-content\/uploads\/2022\/07\/sg1-rj-11-300x169.jpg 300w, https:\/\/sgirj.com.br\/gnv\/wp-content\/uploads\/2022\/07\/sg1-rj-11-768x432.jpg 768w\" sizes=\"auto, (max-width: 1024px) 100vw, 1024px\" \/><\/a><\/div><\/div><div class=\"su-image-carousel-item\"><div class=\"su-image-carousel-item-content\"><a href=\"https:\/\/sgirj.com.br\/gnv\/wp-content\/uploads\/2022\/07\/sg1-rj-12.jpg\" target=\"_blank\" rel=\"noopener noreferrer\" data-caption=\"\"><img loading=\"lazy\" decoding=\"async\" width=\"1024\" height=\"576\" src=\"https:\/\/sgirj.com.br\/gnv\/wp-content\/uploads\/2022\/07\/sg1-rj-12.jpg\" class=\"\" alt=\"Inspe\u00e7\u00e3o veicular em S\u00e3o Gon\u00e7alo - SGI RJ\" srcset=\"https:\/\/sgirj.com.br\/gnv\/wp-content\/uploads\/2022\/07\/sg1-rj-12.jpg 1024w, https:\/\/sgirj.com.br\/gnv\/wp-content\/uploads\/2022\/07\/sg1-rj-12-300x169.jpg 300w, https:\/\/sgirj.com.br\/gnv\/wp-content\/uploads\/2022\/07\/sg1-rj-12-768x432.jpg 768w\" sizes=\"auto, (max-width: 1024px) 100vw, 1024px\" \/><\/a><\/div><\/div><div class=\"su-image-carousel-item\"><div class=\"su-image-carousel-item-content\"><a href=\"https:\/\/sgirj.com.br\/gnv\/wp-content\/uploads\/2022\/07\/sg1-rj-12a.jpg\" target=\"_blank\" rel=\"noopener noreferrer\" data-caption=\"\"><img loading=\"lazy\" decoding=\"async\" width=\"1024\" height=\"576\" src=\"https:\/\/sgirj.com.br\/gnv\/wp-content\/uploads\/2022\/07\/sg1-rj-12a.jpg\" class=\"\" alt=\"Inspe\u00e7\u00e3o veicular em S\u00e3o Gon\u00e7alo - SGI RJ\" srcset=\"https:\/\/sgirj.com.br\/gnv\/wp-content\/uploads\/2022\/07\/sg1-rj-12a.jpg 1024w, https:\/\/sgirj.com.br\/gnv\/wp-content\/uploads\/2022\/07\/sg1-rj-12a-300x169.jpg 300w, https:\/\/sgirj.com.br\/gnv\/wp-content\/uploads\/2022\/07\/sg1-rj-12a-768x432.jpg 768w\" sizes=\"auto, (max-width: 1024px) 100vw, 1024px\" \/><\/a><\/div><\/div><div class=\"su-image-carousel-item\"><div class=\"su-image-carousel-item-content\"><a href=\"https:\/\/sgirj.com.br\/gnv\/wp-content\/uploads\/2022\/07\/sg1-rj-13.jpg\" target=\"_blank\" rel=\"noopener noreferrer\" data-caption=\"\"><img loading=\"lazy\" decoding=\"async\" width=\"1024\" height=\"576\" src=\"https:\/\/sgirj.com.br\/gnv\/wp-content\/uploads\/2022\/07\/sg1-rj-13.jpg\" class=\"\" alt=\"Inspe\u00e7\u00e3o veicular em S\u00e3o Gon\u00e7alo - SGI RJ\" srcset=\"https:\/\/sgirj.com.br\/gnv\/wp-content\/uploads\/2022\/07\/sg1-rj-13.jpg 1024w, https:\/\/sgirj.com.br\/gnv\/wp-content\/uploads\/2022\/07\/sg1-rj-13-300x169.jpg 300w, https:\/\/sgirj.com.br\/gnv\/wp-content\/uploads\/2022\/07\/sg1-rj-13-768x432.jpg 768w\" sizes=\"auto, (max-width: 1024px) 100vw, 1024px\" \/><\/a><\/div><\/div><div class=\"su-image-carousel-item\"><div class=\"su-image-carousel-item-content\"><a href=\"https:\/\/sgirj.com.br\/gnv\/wp-content\/uploads\/2022\/07\/sg1-rj-14.jpg\" target=\"_blank\" rel=\"noopener noreferrer\" data-caption=\"\"><img loading=\"lazy\" decoding=\"async\" width=\"1024\" height=\"576\" src=\"https:\/\/sgirj.com.br\/gnv\/wp-content\/uploads\/2022\/07\/sg1-rj-14.jpg\" class=\"\" alt=\"Inspe\u00e7\u00e3o veicular em S\u00e3o Gon\u00e7alo - SGI RJ\" srcset=\"https:\/\/sgirj.com.br\/gnv\/wp-content\/uploads\/2022\/07\/sg1-rj-14.jpg 1024w, https:\/\/sgirj.com.br\/gnv\/wp-content\/uploads\/2022\/07\/sg1-rj-14-300x169.jpg 300w, https:\/\/sgirj.com.br\/gnv\/wp-content\/uploads\/2022\/07\/sg1-rj-14-768x432.jpg 768w\" sizes=\"auto, (max-width: 1024px) 100vw, 1024px\" \/><\/a><\/div><\/div><div class=\"su-image-carousel-item\"><div class=\"su-image-carousel-item-content\"><a href=\"https:\/\/sgirj.com.br\/gnv\/wp-content\/uploads\/2022\/07\/sg1-rj-15.jpg\" target=\"_blank\" rel=\"noopener noreferrer\" data-caption=\"\"><img loading=\"lazy\" decoding=\"async\" width=\"1024\" height=\"576\" src=\"https:\/\/sgirj.com.br\/gnv\/wp-content\/uploads\/2022\/07\/sg1-rj-15.jpg\" class=\"\" alt=\"Inspe\u00e7\u00e3o veicular em S\u00e3o Gon\u00e7alo - SGI RJ\" srcset=\"https:\/\/sgirj.com.br\/gnv\/wp-content\/uploads\/2022\/07\/sg1-rj-15.jpg 1024w, https:\/\/sgirj.com.br\/gnv\/wp-content\/uploads\/2022\/07\/sg1-rj-15-300x169.jpg 300w, https:\/\/sgirj.com.br\/gnv\/wp-content\/uploads\/2022\/07\/sg1-rj-15-768x432.jpg 768w\" sizes=\"auto, (max-width: 1024px) 100vw, 1024px\" \/><\/a><\/div><\/div><div class=\"su-image-carousel-item\"><div class=\"su-image-carousel-item-content\"><a href=\"https:\/\/sgirj.com.br\/gnv\/wp-content\/uploads\/2022\/07\/sg1-rj-16.jpg\" target=\"_blank\" rel=\"noopener noreferrer\" data-caption=\"\"><img loading=\"lazy\" decoding=\"async\" width=\"1024\" height=\"576\" src=\"https:\/\/sgirj.com.br\/gnv\/wp-content\/uploads\/2022\/07\/sg1-rj-16.jpg\" class=\"\" alt=\"Inspe\u00e7\u00e3o veicular em S\u00e3o Gon\u00e7alo - SGI RJ\" srcset=\"https:\/\/sgirj.com.br\/gnv\/wp-content\/uploads\/2022\/07\/sg1-rj-16.jpg 1024w, https:\/\/sgirj.com.br\/gnv\/wp-content\/uploads\/2022\/07\/sg1-rj-16-300x169.jpg 300w, https:\/\/sgirj.com.br\/gnv\/wp-content\/uploads\/2022\/07\/sg1-rj-16-768x432.jpg 768w\" sizes=\"auto, (max-width: 1024px) 100vw, 1024px\" \/><\/a><\/div><\/div><div class=\"su-image-carousel-item\"><div class=\"su-image-carousel-item-content\"><a href=\"https:\/\/sgirj.com.br\/gnv\/wp-content\/uploads\/2022\/07\/sg1-rj-17.jpg\" target=\"_blank\" rel=\"noopener noreferrer\" data-caption=\"\"><img loading=\"lazy\" decoding=\"async\" width=\"1024\" height=\"576\" src=\"https:\/\/sgirj.com.br\/gnv\/wp-content\/uploads\/2022\/07\/sg1-rj-17.jpg\" class=\"\" alt=\"Inspe\u00e7\u00e3o de ve\u00edculos em S\u00e3o Gon\u00e7alo SGI RJ\" srcset=\"https:\/\/sgirj.com.br\/gnv\/wp-content\/uploads\/2022\/07\/sg1-rj-17.jpg 1024w, https:\/\/sgirj.com.br\/gnv\/wp-content\/uploads\/2022\/07\/sg1-rj-17-300x169.jpg 300w, https:\/\/sgirj.com.br\/gnv\/wp-content\/uploads\/2022\/07\/sg1-rj-17-768x432.jpg 768w\" sizes=\"auto, (max-width: 1024px) 100vw, 1024px\" \/><\/a><\/div><\/div><div class=\"su-image-carousel-item\"><div class=\"su-image-carousel-item-content\"><a href=\"https:\/\/sgirj.com.br\/gnv\/wp-content\/uploads\/2022\/07\/sg1-rj-18.jpg\" target=\"_blank\" rel=\"noopener noreferrer\" data-caption=\"\"><img loading=\"lazy\" decoding=\"async\" width=\"1024\" height=\"576\" src=\"https:\/\/sgirj.com.br\/gnv\/wp-content\/uploads\/2022\/07\/sg1-rj-18.jpg\" class=\"\" alt=\"Inspe\u00e7\u00e3o de ve\u00edculos em S\u00e3o Gon\u00e7alo SGI RJ\" srcset=\"https:\/\/sgirj.com.br\/gnv\/wp-content\/uploads\/2022\/07\/sg1-rj-18.jpg 1024w, https:\/\/sgirj.com.br\/gnv\/wp-content\/uploads\/2022\/07\/sg1-rj-18-300x169.jpg 300w, https:\/\/sgirj.com.br\/gnv\/wp-content\/uploads\/2022\/07\/sg1-rj-18-768x432.jpg 768w\" sizes=\"auto, (max-width: 1024px) 100vw, 1024px\" \/><\/a><\/div><\/div><div class=\"su-image-carousel-item\"><div class=\"su-image-carousel-item-content\"><a href=\"https:\/\/sgirj.com.br\/gnv\/wp-content\/uploads\/2022\/07\/sg1-rj-19.jpg\" target=\"_blank\" rel=\"noopener noreferrer\" data-caption=\"\"><img loading=\"lazy\" decoding=\"async\" width=\"1024\" height=\"576\" src=\"https:\/\/sgirj.com.br\/gnv\/wp-content\/uploads\/2022\/07\/sg1-rj-19.jpg\" class=\"\" alt=\"Inspe\u00e7\u00e3o de ve\u00edculos em S\u00e3o Gon\u00e7alo SGI RJ\" srcset=\"https:\/\/sgirj.com.br\/gnv\/wp-content\/uploads\/2022\/07\/sg1-rj-19.jpg 1024w, https:\/\/sgirj.com.br\/gnv\/wp-content\/uploads\/2022\/07\/sg1-rj-19-300x169.jpg 300w, https:\/\/sgirj.com.br\/gnv\/wp-content\/uploads\/2022\/07\/sg1-rj-19-768x432.jpg 768w\" sizes=\"auto, (max-width: 1024px) 100vw, 1024px\" \/><\/a><\/div><\/div><div class=\"su-image-carousel-item\"><div class=\"su-image-carousel-item-content\"><a href=\"https:\/\/sgirj.com.br\/gnv\/wp-content\/uploads\/2022\/07\/sg1-rj-20.jpg\" target=\"_blank\" rel=\"noopener noreferrer\" data-caption=\"\"><img loading=\"lazy\" decoding=\"async\" width=\"1024\" height=\"576\" src=\"https:\/\/sgirj.com.br\/gnv\/wp-content\/uploads\/2022\/07\/sg1-rj-20.jpg\" class=\"\" alt=\"Inspe\u00e7\u00e3o de ve\u00edculos em S\u00e3o Gon\u00e7alo SGI RJ\" srcset=\"https:\/\/sgirj.com.br\/gnv\/wp-content\/uploads\/2022\/07\/sg1-rj-20.jpg 1024w, https:\/\/sgirj.com.br\/gnv\/wp-content\/uploads\/2022\/07\/sg1-rj-20-300x169.jpg 300w, https:\/\/sgirj.com.br\/gnv\/wp-content\/uploads\/2022\/07\/sg1-rj-20-768x432.jpg 768w\" sizes=\"auto, (max-width: 1024px) 100vw, 1024px\" \/><\/a><\/div><\/div><div class=\"su-image-carousel-item\"><div class=\"su-image-carousel-item-content\"><a href=\"https:\/\/sgirj.com.br\/gnv\/wp-content\/uploads\/2022\/07\/sg1-rj-21.jpg\" target=\"_blank\" rel=\"noopener noreferrer\" data-caption=\"\"><img loading=\"lazy\" decoding=\"async\" width=\"1024\" height=\"576\" src=\"https:\/\/sgirj.com.br\/gnv\/wp-content\/uploads\/2022\/07\/sg1-rj-21.jpg\" class=\"\" alt=\"Inspe\u00e7\u00e3o de ve\u00edculos em S\u00e3o Gon\u00e7alo SGI RJ\" srcset=\"https:\/\/sgirj.com.br\/gnv\/wp-content\/uploads\/2022\/07\/sg1-rj-21.jpg 1024w, https:\/\/sgirj.com.br\/gnv\/wp-content\/uploads\/2022\/07\/sg1-rj-21-300x169.jpg 300w, https:\/\/sgirj.com.br\/gnv\/wp-content\/uploads\/2022\/07\/sg1-rj-21-768x432.jpg 768w\" sizes=\"auto, (max-width: 1024px) 100vw, 1024px\" \/><\/a><\/div><\/div><div class=\"su-image-carousel-item\"><div class=\"su-image-carousel-item-content\"><a href=\"https:\/\/sgirj.com.br\/gnv\/wp-content\/uploads\/2022\/07\/sg1-rj-22.jpg\" target=\"_blank\" rel=\"noopener noreferrer\" data-caption=\"\"><img loading=\"lazy\" decoding=\"async\" width=\"1024\" height=\"576\" src=\"https:\/\/sgirj.com.br\/gnv\/wp-content\/uploads\/2022\/07\/sg1-rj-22.jpg\" class=\"\" alt=\"Inspe\u00e7\u00e3o de ve\u00edculos em S\u00e3o Gon\u00e7alo SGI RJ\" srcset=\"https:\/\/sgirj.com.br\/gnv\/wp-content\/uploads\/2022\/07\/sg1-rj-22.jpg 1024w, https:\/\/sgirj.com.br\/gnv\/wp-content\/uploads\/2022\/07\/sg1-rj-22-300x169.jpg 300w, https:\/\/sgirj.com.br\/gnv\/wp-content\/uploads\/2022\/07\/sg1-rj-22-768x432.jpg 768w\" sizes=\"auto, (max-width: 1024px) 100vw, 1024px\" \/><\/a><\/div><\/div><div class=\"su-image-carousel-item\"><div class=\"su-image-carousel-item-content\"><a href=\"https:\/\/sgirj.com.br\/gnv\/wp-content\/uploads\/2022\/07\/sg1-rj-23.jpg\" target=\"_blank\" rel=\"noopener noreferrer\" data-caption=\"\"><img loading=\"lazy\" decoding=\"async\" width=\"1024\" height=\"576\" src=\"https:\/\/sgirj.com.br\/gnv\/wp-content\/uploads\/2022\/07\/sg1-rj-23.jpg\" class=\"\" alt=\"Inspe\u00e7\u00e3o de ve\u00edculos em S\u00e3o Gon\u00e7alo SGI RJ\" srcset=\"https:\/\/sgirj.com.br\/gnv\/wp-content\/uploads\/2022\/07\/sg1-rj-23.jpg 1024w, https:\/\/sgirj.com.br\/gnv\/wp-content\/uploads\/2022\/07\/sg1-rj-23-300x169.jpg 300w, https:\/\/sgirj.com.br\/gnv\/wp-content\/uploads\/2022\/07\/sg1-rj-23-768x432.jpg 768w\" sizes=\"auto, (max-width: 1024px) 100vw, 1024px\" \/><\/a><\/div><\/div><\/div><script id=\"su_image_carousel_6a070604576da_script\">if(window.SUImageCarousel){setTimeout(function() {window.SUImageCarousel.initGallery(document.getElementById(\"su_image_carousel_6a070604576da\"))}, 0);}var su_image_carousel_6a070604576da_script=document.getElementById(\"su_image_carousel_6a070604576da_script\");if(su_image_carousel_6a070604576da_script){su_image_carousel_6a070604576da_script.parentNode.removeChild(su_image_carousel_6a070604576da_script);}<\/script>\n","protected":false},"excerpt":{"rendered":"","protected":false},"author":1,"featured_media":0,"parent":0,"menu_order":0,"comment_status":"closed","ping_status":"closed","template":"","meta":{"footnotes":"","_links_to":"","_links_to_target":""},"class_list":["post-33","page","type-page","status-publish","hentry"],"_links":{"self":[{"href":"https:\/\/sgirj.com.br\/gnv\/wp-json\/wp\/v2\/pages\/33","targetHints":{"allow":["GET"]}}],"collection":[{"href":"https:\/\/sgirj.com.br\/gnv\/wp-json\/wp\/v2\/pages"}],"about":[{"href":"https:\/\/sgirj.com.br\/gnv\/wp-json\/wp\/v2\/types\/page"}],"author":[{"embeddable":true,"href":"https:\/\/sgirj.com.br\/gnv\/wp-json\/wp\/v2\/users\/1"}],"replies":[{"embeddable":true,"href":"https:\/\/sgirj.com.br\/gnv\/wp-json\/wp\/v2\/comments?post=33"}],"version-history":[{"count":6,"href":"https:\/\/sgirj.com.br\/gnv\/wp-json\/wp\/v2\/pages\/33\/revisions"}],"predecessor-version":[{"id":409,"href":"https:\/\/sgirj.com.br\/gnv\/wp-json\/wp\/v2\/pages\/33\/revisions\/409"}],"wp:attachment":[{"href":"https:\/\/sgirj.com.br\/gnv\/wp-json\/wp\/v2\/media?parent=33"}],"curies":[{"name":"wp","href":"https:\/\/api.w.org\/{rel}","templated":true}]}}